{"id":234,"date":"2017-04-23T15:54:16","date_gmt":"2017-04-23T13:54:16","guid":{"rendered":"https:\/\/www.thespanishtigernutscompany.com\/?page_id=234\/"},"modified":"2017-04-23T19:54:07","modified_gmt":"2017-04-23T17:54:07","slug":"contacter","status":"publish","type":"page","link":"https:\/\/www.thespanishtigernutscompany.com\/fr\/contacter\/","title":{"rendered":"Contacter"},"content":{"rendered":"<h2>Contacter avec nous<\/h2>\n<p>Cher client,<\/p>\n<p>Nous sommes vraiment contents pour l&rsquo;int\u00e9r\u00eat montre \u00e0 nos produits et notre soci\u00e9t\u00e9.<\/p>\n<p>Nous vous prions de remplir ce formulaire pour contacter chez nous. Si vous pr\u00e9f\u00e9rez le faire par mail, merci de nous envoyer un message \u00e0 la suivante adresse<span class=\"Apple-converted-space\">\u00a0<\/span><a href=\"mailto:info@thespanishtigernutscompany.com\">info@thespanishtigernutscompany.com<\/a>.<\/p>\n\n<div class=\"wpcf7 no-js\" id=\"wpcf7-f285-o1\" lang=\"fr-FR\" dir=\"ltr\" data-wpcf7-id=\"285\">\n<div class=\"screen-reader-response\"><p role=\"status\" aria-live=\"polite\" aria-atomic=\"true\"><\/p> <ul><\/ul><\/div>\n<form action=\"\/fr\/wp-json\/wp\/v2\/pages\/234#wpcf7-f285-o1\" method=\"post\" class=\"wpcf7-form init\" aria-label=\"Formulaire de contact\" novalidate=\"novalidate\" data-status=\"init\">\n<fieldset class=\"hidden-fields-container\"><input type=\"hidden\" name=\"_wpcf7\" value=\"285\" \/><input type=\"hidden\" name=\"_wpcf7_version\" value=\"6.1.5\" \/><input type=\"hidden\" name=\"_wpcf7_locale\" value=\"fr_FR\" \/><input type=\"hidden\" name=\"_wpcf7_unit_tag\" value=\"wpcf7-f285-o1\" \/><input type=\"hidden\" name=\"_wpcf7_container_post\" value=\"0\" \/><input type=\"hidden\" name=\"_wpcf7_posted_data_hash\" value=\"\" \/>\n<\/fieldset>\n<p><label> Votre nom (obligatoire)<br \/>\n<span class=\"wpcf7-form-control-wrap\" data-name=\"your-name\"><input size=\"40\" maxlength=\"400\" class=\"wpcf7-form-control wpcf7-text wpcf7-validates-as-required\" aria-required=\"true\" aria-invalid=\"false\" value=\"\" type=\"text\" name=\"your-name\" \/><\/span> <\/label>\n<\/p>\n<p><label> Votre e-mail (obligatoire)<br \/>\n<span class=\"wpcf7-form-control-wrap\" data-name=\"your-email\"><input size=\"40\" maxlength=\"400\" class=\"wpcf7-form-control wpcf7-email wpcf7-validates-as-required wpcf7-text wpcf7-validates-as-email\" aria-required=\"true\" aria-invalid=\"false\" value=\"\" type=\"email\" name=\"your-email\" \/><\/span> <\/label>\n<\/p>\n<p><label> Votre message<br \/>\n<span class=\"wpcf7-form-control-wrap\" data-name=\"your-message\"><textarea cols=\"40\" rows=\"10\" maxlength=\"2000\" class=\"wpcf7-form-control wpcf7-textarea\" aria-invalid=\"false\" name=\"your-message\"><\/textarea><\/span> <\/label>\n<\/p>\n<p><input class=\"wpcf7-form-control wpcf7-submit has-spinner\" type=\"submit\" value=\"Envoyer\" \/>\n<\/p><p style=\"display: none !important;\" class=\"akismet-fields-container\" data-prefix=\"_wpcf7_ak_\"><label>&#916;<textarea name=\"_wpcf7_ak_hp_textarea\" cols=\"45\" rows=\"8\" maxlength=\"100\"><\/textarea><\/label><input type=\"hidden\" id=\"ak_js_1\" name=\"_wpcf7_ak_js\" value=\"73\"\/><script>document.getElementById( \"ak_js_1\" ).setAttribute( \"value\", ( new Date() ).getTime() );<\/script><\/p><div class=\"wpcf7-response-output\" aria-hidden=\"true\"><\/div>\n<\/form>\n<\/div>\n\n","protected":false},"excerpt":{"rendered":"<p>Contacter avec nous Cher client, Nous sommes vraiment contents pour l&rsquo;int\u00e9r\u00eat montre \u00e0 nos produits et notre soci\u00e9t\u00e9. Nous vous prions de remplir ce formulaire pour contacter chez nous. Si vous pr\u00e9f\u00e9rez le faire par mail, merci de nous envoyer un message \u00e0 la suivante adresse\u00a0info@thespanishtigernutscompany.com.<\/p>\n","protected":false},"author":1,"featured_media":0,"parent":0,"menu_order":0,"comment_status":"closed","ping_status":"closed","template":"","meta":{"footnotes":""},"class_list":["post-234","page","type-page","status-publish","hentry"],"yoast_head":"<!-- This site is optimized with the Yoast SEO plugin v27.3 - https:\/\/yoast.com\/product\/yoast-seo-wordpress\/ -->\n<title>Contacter - The Spanish Tigernuts Company<\/title>\n<meta name=\"robots\" content=\"index, follow, max-snippet:-1, max-image-preview:large, max-video-preview:-1\" \/>\n<link rel=\"canonical\" href=\"https:\/\/www.thespanishtigernutscompany.com\/fr\/contacter\/\" \/>\n<meta property=\"og:locale\" content=\"fr_FR\" \/>\n<meta property=\"og:type\" content=\"article\" \/>\n<meta property=\"og:title\" content=\"Contacter - The Spanish Tigernuts Company\" \/>\n<meta property=\"og:description\" content=\"Contacter avec nous Cher client, Nous sommes vraiment contents pour l&rsquo;int\u00e9r\u00eat montre \u00e0 nos produits et notre soci\u00e9t\u00e9. Nous vous prions de remplir ce formulaire pour contacter chez nous. Si vous pr\u00e9f\u00e9rez le faire par mail, merci de nous envoyer un message \u00e0 la suivante adresse\u00a0info@thespanishtigernutscompany.com.\" \/>\n<meta property=\"og:url\" content=\"https:\/\/www.thespanishtigernutscompany.com\/fr\/contacter\/\" \/>\n<meta property=\"og:site_name\" content=\"The Spanish Tigernuts Company\" \/>\n<meta property=\"article:modified_time\" content=\"2017-04-23T17:54:07+00:00\" \/>\n<meta name=\"twitter:card\" content=\"summary_large_image\" \/>\n<script type=\"application\/ld+json\" class=\"yoast-schema-graph\">{\"@context\":\"https:\\\/\\\/schema.org\",\"@graph\":[{\"@type\":\"WebPage\",\"@id\":\"https:\\\/\\\/www.thespanishtigernutscompany.com\\\/fr\\\/contacter\\\/\",\"url\":\"https:\\\/\\\/www.thespanishtigernutscompany.com\\\/fr\\\/contacter\\\/\",\"name\":\"Contacter - The Spanish Tigernuts Company\",\"isPartOf\":{\"@id\":\"https:\\\/\\\/www.thespanishtigernutscompany.com\\\/#website\"},\"datePublished\":\"2017-04-23T13:54:16+00:00\",\"dateModified\":\"2017-04-23T17:54:07+00:00\",\"breadcrumb\":{\"@id\":\"https:\\\/\\\/www.thespanishtigernutscompany.com\\\/fr\\\/contacter\\\/#breadcrumb\"},\"inLanguage\":\"fr-FR\",\"potentialAction\":[{\"@type\":\"ReadAction\",\"target\":[\"https:\\\/\\\/www.thespanishtigernutscompany.com\\\/fr\\\/contacter\\\/\"]}]},{\"@type\":\"BreadcrumbList\",\"@id\":\"https:\\\/\\\/www.thespanishtigernutscompany.com\\\/fr\\\/contacter\\\/#breadcrumb\",\"itemListElement\":[{\"@type\":\"ListItem\",\"position\":1,\"name\":\"Portada\",\"item\":\"https:\\\/\\\/www.thespanishtigernutscompany.com\\\/fr\\\/\"},{\"@type\":\"ListItem\",\"position\":2,\"name\":\"Contacter\"}]},{\"@type\":\"WebSite\",\"@id\":\"https:\\\/\\\/www.thespanishtigernutscompany.com\\\/#website\",\"url\":\"https:\\\/\\\/www.thespanishtigernutscompany.com\\\/\",\"name\":\"The Spanish Tigernuts Company\",\"description\":\"Tigernuts Wholesale\",\"publisher\":{\"@id\":\"https:\\\/\\\/www.thespanishtigernutscompany.com\\\/#organization\"},\"inLanguage\":\"fr-FR\"},{\"@type\":\"Organization\",\"@id\":\"https:\\\/\\\/www.thespanishtigernutscompany.com\\\/#organization\",\"name\":\"The Spanish Tigernuts Company\",\"url\":\"https:\\\/\\\/www.thespanishtigernutscompany.com\\\/\",\"logo\":{\"@type\":\"ImageObject\",\"inLanguage\":\"fr-FR\",\"@id\":\"https:\\\/\\\/www.thespanishtigernutscompany.com\\\/#\\\/schema\\\/logo\\\/image\\\/\",\"url\":\"https:\\\/\\\/www.thespanishtigernutscompany.com\\\/wp-content\\\/uploads\\\/2017\\\/04\\\/Logo-recorte.png\",\"contentUrl\":\"https:\\\/\\\/www.thespanishtigernutscompany.com\\\/wp-content\\\/uploads\\\/2017\\\/04\\\/Logo-recorte.png\",\"width\":2007,\"height\":897,\"caption\":\"The Spanish Tigernuts Company\"},\"image\":{\"@id\":\"https:\\\/\\\/www.thespanishtigernutscompany.com\\\/#\\\/schema\\\/logo\\\/image\\\/\"}}]}<\/script>\n<!-- \/ Yoast SEO plugin. -->","yoast_head_json":{"title":"Contacter - The Spanish Tigernuts Company","robots":{"index":"index","follow":"follow","max-snippet":"max-snippet:-1","max-image-preview":"max-image-preview:large","max-video-preview":"max-video-preview:-1"},"canonical":"https:\/\/www.thespanishtigernutscompany.com\/fr\/contacter\/","og_locale":"fr_FR","og_type":"article","og_title":"Contacter - The Spanish Tigernuts Company","og_description":"Contacter avec nous Cher client, Nous sommes vraiment contents pour l&rsquo;int\u00e9r\u00eat montre \u00e0 nos produits et notre soci\u00e9t\u00e9. Nous vous prions de remplir ce formulaire pour contacter chez nous. Si vous pr\u00e9f\u00e9rez le faire par mail, merci de nous envoyer un message \u00e0 la suivante adresse\u00a0info@thespanishtigernutscompany.com.","og_url":"https:\/\/www.thespanishtigernutscompany.com\/fr\/contacter\/","og_site_name":"The Spanish Tigernuts Company","article_modified_time":"2017-04-23T17:54:07+00:00","twitter_card":"summary_large_image","schema":{"@context":"https:\/\/schema.org","@graph":[{"@type":"WebPage","@id":"https:\/\/www.thespanishtigernutscompany.com\/fr\/contacter\/","url":"https:\/\/www.thespanishtigernutscompany.com\/fr\/contacter\/","name":"Contacter - The Spanish Tigernuts Company","isPartOf":{"@id":"https:\/\/www.thespanishtigernutscompany.com\/#website"},"datePublished":"2017-04-23T13:54:16+00:00","dateModified":"2017-04-23T17:54:07+00:00","breadcrumb":{"@id":"https:\/\/www.thespanishtigernutscompany.com\/fr\/contacter\/#breadcrumb"},"inLanguage":"fr-FR","potentialAction":[{"@type":"ReadAction","target":["https:\/\/www.thespanishtigernutscompany.com\/fr\/contacter\/"]}]},{"@type":"BreadcrumbList","@id":"https:\/\/www.thespanishtigernutscompany.com\/fr\/contacter\/#breadcrumb","itemListElement":[{"@type":"ListItem","position":1,"name":"Portada","item":"https:\/\/www.thespanishtigernutscompany.com\/fr\/"},{"@type":"ListItem","position":2,"name":"Contacter"}]},{"@type":"WebSite","@id":"https:\/\/www.thespanishtigernutscompany.com\/#website","url":"https:\/\/www.thespanishtigernutscompany.com\/","name":"The Spanish Tigernuts Company","description":"Tigernuts Wholesale","publisher":{"@id":"https:\/\/www.thespanishtigernutscompany.com\/#organization"},"inLanguage":"fr-FR"},{"@type":"Organization","@id":"https:\/\/www.thespanishtigernutscompany.com\/#organization","name":"The Spanish Tigernuts Company","url":"https:\/\/www.thespanishtigernutscompany.com\/","logo":{"@type":"ImageObject","inLanguage":"fr-FR","@id":"https:\/\/www.thespanishtigernutscompany.com\/#\/schema\/logo\/image\/","url":"https:\/\/www.thespanishtigernutscompany.com\/wp-content\/uploads\/2017\/04\/Logo-recorte.png","contentUrl":"https:\/\/www.thespanishtigernutscompany.com\/wp-content\/uploads\/2017\/04\/Logo-recorte.png","width":2007,"height":897,"caption":"The Spanish Tigernuts Company"},"image":{"@id":"https:\/\/www.thespanishtigernutscompany.com\/#\/schema\/logo\/image\/"}}]}},"_links":{"self":[{"href":"https:\/\/www.thespanishtigernutscompany.com\/fr\/wp-json\/wp\/v2\/pages\/234","targetHints":{"allow":["GET"]}}],"collection":[{"href":"https:\/\/www.thespanishtigernutscompany.com\/fr\/wp-json\/wp\/v2\/pages"}],"about":[{"href":"https:\/\/www.thespanishtigernutscompany.com\/fr\/wp-json\/wp\/v2\/types\/page"}],"author":[{"embeddable":true,"href":"https:\/\/www.thespanishtigernutscompany.com\/fr\/wp-json\/wp\/v2\/users\/1"}],"replies":[{"embeddable":true,"href":"https:\/\/www.thespanishtigernutscompany.com\/fr\/wp-json\/wp\/v2\/comments?post=234"}],"version-history":[{"count":0,"href":"https:\/\/www.thespanishtigernutscompany.com\/fr\/wp-json\/wp\/v2\/pages\/234\/revisions"}],"wp:attachment":[{"href":"https:\/\/www.thespanishtigernutscompany.com\/fr\/wp-json\/wp\/v2\/media?parent=234"}],"curies":[{"name":"wp","href":"https:\/\/api.w.org\/{rel}","templated":true}]}}